{"id":2472,"date":"2024-01-04T12:31:40","date_gmt":"2024-01-04T09:31:40","guid":{"rendered":"http:\/\/zero1ea.com\/?page_id=2472"},"modified":"2024-01-04T12:31:40","modified_gmt":"2024-01-04T09:31:40","slug":"dunya-elektrik-standartlari","status":"publish","type":"page","link":"https:\/\/zero1ea.com\/?page_id=2472","title":{"rendered":"D\u00fcnya Elektrik Standartlar\u0131"},"content":{"rendered":"<p><div class=\"fusion-fullwidth fullwidth-box fusion-builder-row-1 fusion-flex-container has-pattern-background has-mask-background nonhundred-percent-fullwidth non-hundred-percent-height-scrolling\" style=\"--awb-border-radius-top-left:0px;--awb-border-radius-top-right:0px;--awb-border-radius-bottom-right:0px;--awb-border-radius-bottom-left:0px;--awb-padding-top:100px;--awb-flex-wrap:wrap;\" ><div class=\"fusion-builder-row fusion-row fusion-flex-align-items-flex-start fusion-flex-content-wrap\" style=\"max-width:1248px;margin-left: calc(-4% \/ 2 );margin-right: calc(-4% \/ 2 );\"><div class=\"fusion-layout-column fusion_builder_column fusion-builder-column-0 fusion_builder_column_1_1 1_1 fusion-flex-column\" style=\"--awb-bg-size:cover;--awb-width-large:100%;--awb-margin-top-large:0px;--awb-spacing-right-large:1.92%;--awb-margin-bottom-large:20px;--awb-spacing-left-large:1.92%;--awb-width-medium:100%;--awb-order-medium:0;--awb-spacing-right-medium:1.92%;--awb-spacing-left-medium:1.92%;--awb-width-small:100%;--awb-order-small:0;--awb-spacing-right-small:1.92%;--awb-spacing-left-small:1.92%;\"><div class=\"fusion-column-wrapper fusion-column-has-shadow fusion-flex-justify-content-flex-start fusion-content-layout-column\"><div class=\"fusion-image-element \" style=\"text-align:center;--awb-max-width:1000px;--awb-caption-title-font-family:var(--h2_typography-font-family);--awb-caption-title-font-weight:var(--h2_typography-font-weight);--awb-caption-title-font-style:var(--h2_typography-font-style);--awb-caption-title-size:var(--h2_typography-font-size);--awb-caption-title-transform:var(--h2_typography-text-transform);--awb-caption-title-line-height:var(--h2_typography-line-height);--awb-caption-title-letter-spacing:var(--h2_typography-letter-spacing);\"><span class=\" fusion-imageframe imageframe-none imageframe-1 hover-type-none\"><img decoding=\"async\" width=\"1200\" height=\"600\" title=\"worker-uses-control-panel-factory\" src=\"https:\/\/zero1ea.com\/wp-content\/uploads\/2024\/01\/worker-uses-control-panel-factory.jpg\" data-orig-src=\"https:\/\/zero1ea.com\/wp-content\/uploads\/2024\/01\/worker-uses-control-panel-factory.jpg\" alt class=\"lazyload img-responsive wp-image-2474\" srcset=\"data:image\/svg+xml,%3Csvg%20xmlns%3D%27http%3A%2F%2Fwww.w3.org%2F2000%2Fsvg%27%20width%3D%271200%27%20height%3D%27600%27%20viewBox%3D%270%200%201200%20600%27%3E%3Crect%20width%3D%271200%27%20height%3D%27600%27%20fill-opacity%3D%220%22%2F%3E%3C%2Fsvg%3E\" data-srcset=\"https:\/\/zero1ea.com\/wp-content\/uploads\/2024\/01\/worker-uses-control-panel-factory-200x100.jpg 200w, https:\/\/zero1ea.com\/wp-content\/uploads\/2024\/01\/worker-uses-control-panel-factory-400x200.jpg 400w, https:\/\/zero1ea.com\/wp-content\/uploads\/2024\/01\/worker-uses-control-panel-factory-600x300.jpg 600w, https:\/\/zero1ea.com\/wp-content\/uploads\/2024\/01\/worker-uses-control-panel-factory-800x400.jpg 800w, https:\/\/zero1ea.com\/wp-content\/uploads\/2024\/01\/worker-uses-control-panel-factory.jpg 1200w\" data-sizes=\"auto\" data-orig-sizes=\"(max-width: 700px) 100vw, 1200px\" \/><\/span><\/div><\/div><\/div><\/div><\/div><div class=\"fusion-fullwidth fullwidth-box fusion-builder-row-2 fusion-flex-container has-pattern-background has-mask-background nonhundred-percent-fullwidth non-hundred-percent-height-scrolling\" style=\"--awb-border-radius-top-left:0px;--awb-border-radius-top-right:0px;--awb-border-radius-bottom-right:0px;--awb-border-radius-bottom-left:0px;--awb-padding-top:130px;--awb-padding-bottom:130px;--awb-padding-top-medium:90px;--awb-padding-bottom-medium:90px;--awb-flex-wrap:wrap;\" id=\"faq\" ><div class=\"fusion-builder-row fusion-row fusion-flex-align-items-flex-start fusion-flex-content-wrap\" style=\"max-width:1248px;margin-left: calc(-4% \/ 2 );margin-right: calc(-4% \/ 2 );\"><div class=\"fusion-layout-column fusion_builder_column fusion-builder-column-1 fusion_builder_column_1_1 1_1 fusion-flex-column fusion-flex-align-self-center fusion-animated\" style=\"--awb-padding-bottom-medium:0px;--awb-bg-size:cover;--awb-width-large:100%;--awb-margin-top-large:0px;--awb-spacing-right-large:1.92%;--awb-margin-bottom-large:0px;--awb-spacing-left-large:55px;--awb-width-medium:50%;--awb-order-medium:0;--awb-spacing-right-medium:3.84%;--awb-spacing-left-medium:20px;--awb-width-small:100%;--awb-order-small:0;--awb-spacing-right-small:1.92%;--awb-spacing-left-small:20px;\" data-animationType=\"fadeInRight\" data-animationDuration=\"1.3\" data-animationOffset=\"top-into-view\" data-motion-effects=\"[{&quot;type&quot;:&quot;&quot;,&quot;scroll_type&quot;:&quot;transition&quot;,&quot;scroll_direction&quot;:&quot;up&quot;,&quot;transition_speed&quot;:&quot;1&quot;,&quot;fade_type&quot;:&quot;in&quot;,&quot;scale_type&quot;:&quot;up&quot;,&quot;initial_scale&quot;:&quot;1&quot;,&quot;max_scale&quot;:&quot;1.5&quot;,&quot;min_scale&quot;:&quot;0.5&quot;,&quot;initial_rotate&quot;:&quot;0&quot;,&quot;end_rotate&quot;:&quot;30&quot;,&quot;initial_blur&quot;:&quot;0&quot;,&quot;end_blur&quot;:&quot;3&quot;,&quot;start_element&quot;:&quot;top&quot;,&quot;start_viewport&quot;:&quot;bottom&quot;,&quot;end_element&quot;:&quot;bottom&quot;,&quot;end_viewport&quot;:&quot;top&quot;,&quot;mouse_effect&quot;:&quot;track&quot;,&quot;mouse_effect_direction&quot;:&quot;opposite&quot;,&quot;mouse_effect_speed&quot;:&quot;2&quot;,&quot;infinite_animation&quot;:&quot;float&quot;,&quot;infinite_animation_speed&quot;:&quot;2&quot;}]\" data-scroll-devices=\"small-visibility,medium-visibility,large-visibility\"><div class=\"fusion-column-wrapper fusion-column-has-shadow fusion-flex-justify-content-flex-start fusion-content-layout-column\"><div class=\"fusion-title title fusion-title-1 fusion-sep-none fusion-title-text fusion-title-size-three\" style=\"--awb-margin-bottom:20px;\"><h3 class=\"fusion-title-heading title-heading-left\" style=\"margin:0;\"><p style=\"text-align: center;\"><span style=\"color: #0c22ab;\">D\u00fcnya Elektrik Standartlar\u0131: Elektrik G\u00fcvenli\u011fi ve Uyumlu Kullan\u0131m<\/span><\/p><\/h3><\/div><div class=\"fusion-text fusion-text-1 fusion-text-no-margin\" style=\"--awb-content-alignment:center;--awb-margin-bottom:10px;\"><p class=\"p1\" style=\"text-align: center;\">Elektrik, modern ya\u015fam\u0131n temel ta\u015flar\u0131ndan biri haline gelmi\u015ftir ve bu \u00f6nemli enerji kayna\u011f\u0131n\u0131n g\u00fcvenli bir \u015fekilde kullan\u0131lmas\u0131, d\u00fcnya genelinde belirlenen standartlara dayanmaktad\u0131r. Elektrik standartlar\u0131, elektrik sistemlerinin tasar\u0131m\u0131ndan \u00fcretimine, da\u011f\u0131t\u0131m\u0131ndan kullan\u0131m\u0131na kadar bir dizi s\u00fcreci kapsar. Bu standartlar, elektrikle ilgili ekipman ve tesisat\u0131n g\u00fcvenli, etkili ve uyumlu bir \u015fekilde \u00e7al\u0131\u015fmas\u0131n\u0131 sa\u011flamay\u0131 ama\u00e7lar.<\/p>\n<\/div><div class=\"fusion-separator fusion-full-width-sep\" style=\"align-self: center;margin-left: auto;margin-right: auto;margin-top:30px;margin-bottom:10px;width:100%;\"><div class=\"fusion-separator-border sep-single sep-solid\" style=\"--awb-height:20px;--awb-amount:20px;border-color:var(--awb-color3);border-top-width:1px;\"><\/div><\/div><\/div><\/div><div class=\"fusion-layout-column fusion_builder_column fusion-builder-column-2 fusion_builder_column_1_1 1_1 fusion-flex-column fusion-flex-align-self-center fusion-animated\" style=\"--awb-padding-bottom-medium:0px;--awb-bg-size:cover;--awb-width-large:100%;--awb-margin-top-large:0px;--awb-spacing-right-large:1.92%;--awb-margin-bottom-large:0px;--awb-spacing-left-large:55px;--awb-width-medium:50%;--awb-order-medium:0;--awb-spacing-right-medium:3.84%;--awb-spacing-left-medium:20px;--awb-width-small:100%;--awb-order-small:0;--awb-spacing-right-small:1.92%;--awb-spacing-left-small:20px;\" data-animationType=\"fadeInRight\" data-animationDuration=\"1.3\" data-animationOffset=\"top-into-view\" data-motion-effects=\"[{&quot;type&quot;:&quot;&quot;,&quot;scroll_type&quot;:&quot;transition&quot;,&quot;scroll_direction&quot;:&quot;up&quot;,&quot;transition_speed&quot;:&quot;1&quot;,&quot;fade_type&quot;:&quot;in&quot;,&quot;scale_type&quot;:&quot;up&quot;,&quot;initial_scale&quot;:&quot;1&quot;,&quot;max_scale&quot;:&quot;1.5&quot;,&quot;min_scale&quot;:&quot;0.5&quot;,&quot;initial_rotate&quot;:&quot;0&quot;,&quot;end_rotate&quot;:&quot;30&quot;,&quot;initial_blur&quot;:&quot;0&quot;,&quot;end_blur&quot;:&quot;3&quot;,&quot;start_element&quot;:&quot;top&quot;,&quot;start_viewport&quot;:&quot;bottom&quot;,&quot;end_element&quot;:&quot;bottom&quot;,&quot;end_viewport&quot;:&quot;top&quot;,&quot;mouse_effect&quot;:&quot;track&quot;,&quot;mouse_effect_direction&quot;:&quot;opposite&quot;,&quot;mouse_effect_speed&quot;:&quot;2&quot;,&quot;infinite_animation&quot;:&quot;float&quot;,&quot;infinite_animation_speed&quot;:&quot;2&quot;}]\" data-scroll-devices=\"small-visibility,medium-visibility,large-visibility\"><div class=\"fusion-column-wrapper fusion-column-has-shadow fusion-flex-justify-content-flex-start fusion-content-layout-column\"><div class=\"fusion-title title fusion-title-2 fusion-sep-none fusion-title-text fusion-title-size-three\" style=\"--awb-margin-bottom:20px;\"><h3 class=\"fusion-title-heading title-heading-left\" style=\"margin:0;\"><p style=\"text-align: left;\"><span style=\"color: #0c22ab;\">Sonu\u00e7:<\/span><\/p><\/h3><\/div><div class=\"fusion-text fusion-text-2 fusion-text-no-margin\" style=\"--awb-content-alignment:center;--awb-margin-bottom:10px;\"><p style=\"text-align: left;\">D\u00fcnya genelinde kullan\u0131lan elektrik standartlar\u0131, elektrik sistemlerinin g\u00fcvenli, uyumlu ve etkili bir \u015fekilde \u00e7al\u0131\u015fmas\u0131n\u0131 sa\u011flamak amac\u0131yla belirlenmi\u015ftir. Bu standartlar, elektrik end\u00fcstrisinin g\u00fcvenli\u011fi, enerji verimlili\u011fi ve k\u00fcresel uyumunu destekleyerek modern toplumlar\u0131n elektrikle ilgili ihtiya\u00e7lar\u0131n\u0131 kar\u015f\u0131lamaya yard\u0131mc\u0131 olur. Elektrik standartlar\u0131na uyum, hem profesyoneller hem de t\u00fcketiciler i\u00e7in g\u00fcvenli bir elektrik kullan\u0131m\u0131n\u0131 sa\u011flamak a\u00e7\u0131s\u0131ndan b\u00fcy\u00fck bir \u00f6neme sahiptir.<\/p>\n<\/div><div class=\"fusion-separator fusion-full-width-sep\" style=\"align-self: center;margin-left: auto;margin-right: auto;margin-top:30px;margin-bottom:10px;width:100%;\"><div class=\"fusion-separator-border sep-single sep-solid\" style=\"--awb-height:20px;--awb-amount:20px;border-color:var(--awb-color3);border-top-width:1px;\"><\/div><\/div><\/div><\/div><\/div><\/div><\/p>\n","protected":false},"excerpt":{"rendered":"","protected":false},"author":1,"featured_media":2326,"parent":0,"menu_order":0,"comment_status":"closed","ping_status":"closed","template":"100-width.php","meta":{"inline_featured_image":false,"footnotes":""},"class_list":["post-2472","page","type-page","status-publish","has-post-thumbnail","hentry"],"yoast_head":"<!-- This site is optimized with the Yoast SEO plugin v26.8 - https:\/\/yoast.com\/product\/yoast-seo-wordpress\/ -->\n<title>D\u00fcnya Elektrik Standartlar\u0131 - Zero1 Electric &amp; Automation<\/title>\n<meta name=\"robots\" content=\"index, follow, max-snippet:-1, max-image-preview:large, max-video-preview:-1\" \/>\n<link rel=\"canonical\" href=\"https:\/\/zero1ea.com\/?page_id=2472\" \/>\n<meta property=\"og:locale\" content=\"tr_TR\" \/>\n<meta property=\"og:type\" content=\"article\" \/>\n<meta property=\"og:title\" content=\"D\u00fcnya Elektrik Standartlar\u0131 - Zero1 Electric &amp; Automation\" \/>\n<meta property=\"og:url\" content=\"https:\/\/zero1ea.com\/?page_id=2472\" \/>\n<meta property=\"og:site_name\" content=\"Zero1 Electric &amp; Automation\" \/>\n<meta property=\"og:image\" content=\"https:\/\/zero1ea.com\/wp-content\/uploads\/2023\/10\/Zero1-Projelerimiz-1.jpg\" \/>\n\t<meta property=\"og:image:width\" content=\"1920\" \/>\n\t<meta property=\"og:image:height\" content=\"1005\" \/>\n\t<meta property=\"og:image:type\" content=\"image\/jpeg\" \/>\n<meta name=\"twitter:card\" content=\"summary_large_image\" \/>\n<meta name=\"twitter:label1\" content=\"Tahmini okuma s\u00fcresi\" \/>\n\t<meta name=\"twitter:data1\" content=\"2 dakika\" \/>\n<script type=\"application\/ld+json\" class=\"yoast-schema-graph\">{\"@context\":\"https:\/\/schema.org\",\"@graph\":[{\"@type\":\"WebPage\",\"@id\":\"https:\/\/zero1ea.com\/?page_id=2472\",\"url\":\"https:\/\/zero1ea.com\/?page_id=2472\",\"name\":\"D\u00fcnya Elektrik Standartlar\u0131 - Zero1 Electric &amp; Automation\",\"isPartOf\":{\"@id\":\"https:\/\/zero1ea.com\/#website\"},\"primaryImageOfPage\":{\"@id\":\"https:\/\/zero1ea.com\/?page_id=2472#primaryimage\"},\"image\":{\"@id\":\"https:\/\/zero1ea.com\/?page_id=2472#primaryimage\"},\"thumbnailUrl\":\"https:\/\/zero1ea.com\/wp-content\/uploads\/2023\/10\/Zero1-Projelerimiz-1.jpg\",\"datePublished\":\"2024-01-04T09:31:40+00:00\",\"breadcrumb\":{\"@id\":\"https:\/\/zero1ea.com\/?page_id=2472#breadcrumb\"},\"inLanguage\":\"tr\",\"potentialAction\":[{\"@type\":\"ReadAction\",\"target\":[\"https:\/\/zero1ea.com\/?page_id=2472\"]}]},{\"@type\":\"ImageObject\",\"inLanguage\":\"tr\",\"@id\":\"https:\/\/zero1ea.com\/?page_id=2472#primaryimage\",\"url\":\"https:\/\/zero1ea.com\/wp-content\/uploads\/2023\/10\/Zero1-Projelerimiz-1.jpg\",\"contentUrl\":\"https:\/\/zero1ea.com\/wp-content\/uploads\/2023\/10\/Zero1-Projelerimiz-1.jpg\",\"width\":1920,\"height\":1005},{\"@type\":\"BreadcrumbList\",\"@id\":\"https:\/\/zero1ea.com\/?page_id=2472#breadcrumb\",\"itemListElement\":[{\"@type\":\"ListItem\",\"position\":1,\"name\":\"Home\",\"item\":\"https:\/\/zero1ea.com\/\"},{\"@type\":\"ListItem\",\"position\":2,\"name\":\"D\u00fcnya Elektrik Standartlar\u0131\"}]},{\"@type\":\"WebSite\",\"@id\":\"https:\/\/zero1ea.com\/#website\",\"url\":\"https:\/\/zero1ea.com\/\",\"name\":\"Zero1 Electric &amp; Automation\",\"description\":\"\",\"potentialAction\":[{\"@type\":\"SearchAction\",\"target\":{\"@type\":\"EntryPoint\",\"urlTemplate\":\"https:\/\/zero1ea.com\/?s={search_term_string}\"},\"query-input\":{\"@type\":\"PropertyValueSpecification\",\"valueRequired\":true,\"valueName\":\"search_term_string\"}}],\"inLanguage\":\"tr\"}]}<\/script>\n<!-- \/ Yoast SEO plugin. -->","yoast_head_json":{"title":"D\u00fcnya Elektrik Standartlar\u0131 - Zero1 Electric &amp; Automation","robots":{"index":"index","follow":"follow","max-snippet":"max-snippet:-1","max-image-preview":"max-image-preview:large","max-video-preview":"max-video-preview:-1"},"canonical":"https:\/\/zero1ea.com\/?page_id=2472","og_locale":"tr_TR","og_type":"article","og_title":"D\u00fcnya Elektrik Standartlar\u0131 - Zero1 Electric &amp; Automation","og_url":"https:\/\/zero1ea.com\/?page_id=2472","og_site_name":"Zero1 Electric &amp; Automation","og_image":[{"width":1920,"height":1005,"url":"https:\/\/zero1ea.com\/wp-content\/uploads\/2023\/10\/Zero1-Projelerimiz-1.jpg","type":"image\/jpeg"}],"twitter_card":"summary_large_image","twitter_misc":{"Tahmini okuma s\u00fcresi":"2 dakika"},"schema":{"@context":"https:\/\/schema.org","@graph":[{"@type":"WebPage","@id":"https:\/\/zero1ea.com\/?page_id=2472","url":"https:\/\/zero1ea.com\/?page_id=2472","name":"D\u00fcnya Elektrik Standartlar\u0131 - Zero1 Electric &amp; Automation","isPartOf":{"@id":"https:\/\/zero1ea.com\/#website"},"primaryImageOfPage":{"@id":"https:\/\/zero1ea.com\/?page_id=2472#primaryimage"},"image":{"@id":"https:\/\/zero1ea.com\/?page_id=2472#primaryimage"},"thumbnailUrl":"https:\/\/zero1ea.com\/wp-content\/uploads\/2023\/10\/Zero1-Projelerimiz-1.jpg","datePublished":"2024-01-04T09:31:40+00:00","breadcrumb":{"@id":"https:\/\/zero1ea.com\/?page_id=2472#breadcrumb"},"inLanguage":"tr","potentialAction":[{"@type":"ReadAction","target":["https:\/\/zero1ea.com\/?page_id=2472"]}]},{"@type":"ImageObject","inLanguage":"tr","@id":"https:\/\/zero1ea.com\/?page_id=2472#primaryimage","url":"https:\/\/zero1ea.com\/wp-content\/uploads\/2023\/10\/Zero1-Projelerimiz-1.jpg","contentUrl":"https:\/\/zero1ea.com\/wp-content\/uploads\/2023\/10\/Zero1-Projelerimiz-1.jpg","width":1920,"height":1005},{"@type":"BreadcrumbList","@id":"https:\/\/zero1ea.com\/?page_id=2472#breadcrumb","itemListElement":[{"@type":"ListItem","position":1,"name":"Home","item":"https:\/\/zero1ea.com\/"},{"@type":"ListItem","position":2,"name":"D\u00fcnya Elektrik Standartlar\u0131"}]},{"@type":"WebSite","@id":"https:\/\/zero1ea.com\/#website","url":"https:\/\/zero1ea.com\/","name":"Zero1 Electric &amp; Automation","description":"","potentialAction":[{"@type":"SearchAction","target":{"@type":"EntryPoint","urlTemplate":"https:\/\/zero1ea.com\/?s={search_term_string}"},"query-input":{"@type":"PropertyValueSpecification","valueRequired":true,"valueName":"search_term_string"}}],"inLanguage":"tr"}]}},"_links":{"self":[{"href":"https:\/\/zero1ea.com\/index.php?rest_route=\/wp\/v2\/pages\/2472","targetHints":{"allow":["GET"]}}],"collection":[{"href":"https:\/\/zero1ea.com\/index.php?rest_route=\/wp\/v2\/pages"}],"about":[{"href":"https:\/\/zero1ea.com\/index.php?rest_route=\/wp\/v2\/types\/page"}],"author":[{"embeddable":true,"href":"https:\/\/zero1ea.com\/index.php?rest_route=\/wp\/v2\/users\/1"}],"replies":[{"embeddable":true,"href":"https:\/\/zero1ea.com\/index.php?rest_route=%2Fwp%2Fv2%2Fcomments&post=2472"}],"version-history":[{"count":0,"href":"https:\/\/zero1ea.com\/index.php?rest_route=\/wp\/v2\/pages\/2472\/revisions"}],"wp:featuredmedia":[{"embeddable":true,"href":"https:\/\/zero1ea.com\/index.php?rest_route=\/wp\/v2\/media\/2326"}],"wp:attachment":[{"href":"https:\/\/zero1ea.com\/index.php?rest_route=%2Fwp%2Fv2%2Fmedia&parent=2472"}],"curies":[{"name":"wp","href":"https:\/\/api.w.org\/{rel}","templated":true}]}}