{"id":64,"date":"2022-07-27T15:10:43","date_gmt":"2022-07-27T12:10:43","guid":{"rendered":"https:\/\/avadawebsites.wpengine.com\/corporation\/?page_id=64"},"modified":"2024-03-01T10:18:46","modified_gmt":"2024-03-01T07:18:46","slug":"hakkimizda","status":"publish","type":"page","link":"https:\/\/zero1ea.com\/?page_id=64","title":{"rendered":"Hakk\u0131m\u0131zda"},"content":{"rendered":"<div class=\"fusion-fullwidth fullwidth-box fusion-builder-row-1 fusion-flex-container has-pattern-background has-mask-background nonhundred-percent-fullwidth non-hundred-percent-height-scrolling\" style=\"--awb-border-radius-top-left:0px;--awb-border-radius-top-right:0px;--awb-border-radius-bottom-right:0px;--awb-border-radius-bottom-left:0px;--awb-padding-top:130px;--awb-padding-bottom:130px;--awb-padding-top-medium:90px;--awb-padding-bottom-medium:90px;--awb-flex-wrap:wrap;\" id=\"faq\" ><div class=\"fusion-builder-row fusion-row fusion-flex-align-items-flex-start fusion-flex-content-wrap\" style=\"max-width:1248px;margin-left: calc(-4% \/ 2 );margin-right: calc(-4% \/ 2 );\"><div class=\"fusion-layout-column fusion_builder_column fusion-builder-column-0 fusion_builder_column_1_1 1_1 fusion-flex-column fusion-flex-align-self-flex-start fusion-column-no-min-height fusion-animated\" style=\"--awb-padding-right-medium:0px;--awb-padding-left-medium:0px;--awb-bg-blend:overlay;--awb-bg-size:cover;--awb-width-large:100%;--awb-margin-top-large:0px;--awb-spacing-right-large:7.68%;--awb-margin-bottom-large:90px;--awb-spacing-left-large:1.92%;--awb-width-medium:50%;--awb-spacing-right-medium:15.36%;--awb-margin-bottom-medium:49px;--awb-spacing-left-medium:3.84%;--awb-width-small:100%;--awb-spacing-right-small:1.92%;--awb-margin-bottom-small:40px;--awb-spacing-left-small:1.92%;\" data-animationType=\"fadeIn\" data-animationDuration=\"0.8\" data-animationOffset=\"top-into-view\"><div class=\"fusion-column-wrapper fusion-flex-justify-content-flex-start fusion-content-layout-column\"><div class=\"fusion-title title fusion-title-1 fusion-sep-none fusion-title-text fusion-title-size-three\" style=\"--awb-margin-bottom:20px;\"><h3 class=\"fusion-title-heading title-heading-left\" style=\"margin:0;\"><p style=\"text-align: center;\">ZERO1<br \/>\nELECTRIC &amp; AUTOMATION<\/p><\/h3><\/div><div class=\"fusion-text fusion-text-1 fusion-text-no-margin\" style=\"--awb-margin-bottom:10px;\"><p><strong><span style=\"color: #000000;\">Biz Kimiz?<\/span><\/strong><\/p>\n<p><span style=\"color: #000000;\">D\u00fcnya \u00e7ap\u0131nda 20 y\u0131ldan fazla bir s\u00fcredir, \u00f6zellikle g\u0131da ve i\u00e7ecek, kimya, at\u0131k ve ila\u00e7 i\u015flemlerinde d\u00fcnya standartlar\u0131nda geni\u015f deneyime sahip bir profesyonel ekibimiz bulunmaktad\u0131r.<\/span><\/p>\n<p><strong><span style=\"color: #000000;\">Deneyim ve Bilgimiz<\/span><\/strong><\/p>\n<p><span style=\"color: #000000;\">D\u00fcnya standartlar\u0131na uygun terim ve metodolojiye sad\u0131k bir \u015fekilde \u00e7al\u0131\u015farak, \u00f6zellikle m\u00fchendislik firmalar\u0131 i\u00e7in sekt\u00f6rdeki payda\u015flar\u0131m\u0131za \u00f6zel \u00e7\u00f6z\u00fcmler sunuyoruz. Ge\u00e7mi\u015f 20 y\u0131lda g\u0131da, i\u00e7ecek, kimya ve ila\u00e7 s\u00fcre\u00e7lerinde edindi\u011fimiz derin bilgi, m\u00fc\u015fterilerimiz i\u00e7in \u00f6zel, etkili ve g\u00fcvenilir \u00e7\u00f6z\u00fcmler \u00fcretmemize olanak tan\u0131maktad\u0131r.<\/span><\/p>\n<p><strong><span style=\"color: #000000;\">Hedef ve Misyonumuz<\/span><\/strong><\/p>\n<p><span style=\"color: #000000;\">Bu de\u011ferli s\u00fcre\u00e7 bilgisi ile edindi\u011fimiz, amac\u0131m\u0131z \u00f6zellikle m\u00fchendislik firmalar\u0131 olmak \u00fczere makine \u00fcreticilerine ve i\u015fletmelere \u00f6zel mod\u00fcler ve standardize edilmi\u015f elektrik ve otomasyon \u00e7\u00f6z\u00fcmleri sunarak uzun vadeli i\u015f ortakl\u0131klar\u0131 kurmakt\u0131r. Bu ortakl\u0131k ili\u015fkisi, kar\u015f\u0131l\u0131kl\u0131 b\u00fcy\u00fcmeyi ve s\u00fcrd\u00fcr\u00fclebilir geli\u015fmeyi hedeflemektedir.<\/span><\/p>\n<p><strong><span style=\"color: #000000;\">\u00c7\u00f6z\u00fcmlerimizdeki Fark<\/span><\/strong><\/p>\n<p><span style=\"color: #000000;\">M\u00fc\u015fterilerimize sundu\u011fumuz \u00e7\u00f6z\u00fcmler, end\u00fcstrideki en son teknolojiyi kullanarak i\u015f s\u00fcre\u00e7lerini optimize etmeyi ama\u00e7lamaktad\u0131r. Mod\u00fcler ve standardize edilmi\u015f \u00e7\u00f6z\u00fcmlerimiz, m\u00fc\u015fterilerimize \u00f6zg\u00fcn ihtiya\u00e7lar\u0131na uygun esneklik sa\u011flayarak uzun vadeli i\u015fbirli\u011fi \u00e7er\u00e7evesinde s\u00fcrd\u00fcr\u00fclebilir ba\u015far\u0131ya katk\u0131da bulunmay\u0131 hedeflemektedir.<\/span><\/p>\n<p><span style=\"color: #000000;\">M\u00fc\u015fteri beklentilerini a\u015fan, teknolojik geli\u015fmelere ayak uyduran ve s\u00fcrd\u00fcr\u00fclebilir i\u015fbirli\u011fi ile kar\u015f\u0131l\u0131kl\u0131 b\u00fcy\u00fcmeyi hedefleyen bir ekip olarak, gelecekte sekt\u00f6rdeki etkimizi art\u0131rarak yolculu\u011fumuza devam ediyoruz.<\/span><\/p>\n<\/div><\/div><\/div><div class=\"fusion-layout-column fusion_builder_column fusion-builder-column-1 fusion_builder_column_1_1 1_1 fusion-flex-column\" style=\"--awb-bg-size:cover;--awb-width-large:100%;--awb-margin-top-large:75px;--awb-spacing-right-large:1.92%;--awb-margin-bottom-large:75px;--awb-spacing-left-large:1.92%;--awb-width-medium:100%;--awb-order-medium:0;--awb-spacing-right-medium:1.92%;--awb-spacing-left-medium:1.92%;--awb-width-small:100%;--awb-order-small:0;--awb-spacing-right-small:1.92%;--awb-spacing-left-small:1.92%;\" data-motion-effects=\"[{&quot;type&quot;:&quot;&quot;,&quot;scroll_type&quot;:&quot;transition&quot;,&quot;scroll_direction&quot;:&quot;up&quot;,&quot;transition_speed&quot;:&quot;1&quot;,&quot;fade_type&quot;:&quot;in&quot;,&quot;scale_type&quot;:&quot;up&quot;,&quot;initial_scale&quot;:&quot;1&quot;,&quot;max_scale&quot;:&quot;1.5&quot;,&quot;min_scale&quot;:&quot;0.5&quot;,&quot;initial_rotate&quot;:&quot;0&quot;,&quot;end_rotate&quot;:&quot;30&quot;,&quot;initial_blur&quot;:&quot;0&quot;,&quot;end_blur&quot;:&quot;3&quot;,&quot;start_element&quot;:&quot;top&quot;,&quot;start_viewport&quot;:&quot;bottom&quot;,&quot;end_element&quot;:&quot;bottom&quot;,&quot;end_viewport&quot;:&quot;top&quot;,&quot;mouse_effect&quot;:&quot;track&quot;,&quot;mouse_effect_direction&quot;:&quot;opposite&quot;,&quot;mouse_effect_speed&quot;:&quot;2&quot;,&quot;infinite_animation&quot;:&quot;float&quot;,&quot;infinite_animation_speed&quot;:&quot;2&quot;}]\" data-scroll-devices=\"small-visibility,medium-visibility,large-visibility\"><div class=\"fusion-column-wrapper fusion-column-has-shadow fusion-flex-justify-content-flex-start fusion-content-layout-column\"><div class=\"fusion-separator fusion-full-width-sep\" style=\"align-self: center;margin-left: auto;margin-right: auto;width:100%;\"><div class=\"fusion-separator-border sep-single sep-solid\" style=\"--awb-height:20px;--awb-amount:20px;--awb-sep-color:hsla(var(--awb-color7-h),var(--awb-color7-s),var(--awb-color7-l),calc(var(--awb-color7-a) - 80%));border-color:hsla(var(--awb-color7-h),var(--awb-color7-s),var(--awb-color7-l),calc(var(--awb-color7-a) - 80%));border-top-width:1px;\"><\/div><\/div><\/div><\/div><div class=\"fusion-layout-column fusion_builder_column fusion-builder-column-2 fusion_builder_column_1_1 1_1 fusion-flex-column fusion-flex-align-self-center fusion-animated\" style=\"--awb-padding-bottom-medium:0px;--awb-bg-size:cover;--awb-width-large:100%;--awb-margin-top-large:0px;--awb-spacing-right-large:1.92%;--awb-margin-bottom-large:0px;--awb-spacing-left-large:55px;--awb-width-medium:50%;--awb-order-medium:0;--awb-spacing-right-medium:3.84%;--awb-spacing-left-medium:20px;--awb-width-small:100%;--awb-order-small:0;--awb-spacing-right-small:1.92%;--awb-spacing-left-small:20px;\" data-animationType=\"fadeInRight\" data-animationDuration=\"1.3\" data-animationOffset=\"top-into-view\" data-motion-effects=\"[{&quot;type&quot;:&quot;&quot;,&quot;scroll_type&quot;:&quot;transition&quot;,&quot;scroll_direction&quot;:&quot;up&quot;,&quot;transition_speed&quot;:&quot;1&quot;,&quot;fade_type&quot;:&quot;in&quot;,&quot;scale_type&quot;:&quot;up&quot;,&quot;initial_scale&quot;:&quot;1&quot;,&quot;max_scale&quot;:&quot;1.5&quot;,&quot;min_scale&quot;:&quot;0.5&quot;,&quot;initial_rotate&quot;:&quot;0&quot;,&quot;end_rotate&quot;:&quot;30&quot;,&quot;initial_blur&quot;:&quot;0&quot;,&quot;end_blur&quot;:&quot;3&quot;,&quot;start_element&quot;:&quot;top&quot;,&quot;start_viewport&quot;:&quot;bottom&quot;,&quot;end_element&quot;:&quot;bottom&quot;,&quot;end_viewport&quot;:&quot;top&quot;,&quot;mouse_effect&quot;:&quot;track&quot;,&quot;mouse_effect_direction&quot;:&quot;opposite&quot;,&quot;mouse_effect_speed&quot;:&quot;2&quot;,&quot;infinite_animation&quot;:&quot;float&quot;,&quot;infinite_animation_speed&quot;:&quot;2&quot;}]\" data-scroll-devices=\"small-visibility,medium-visibility,large-visibility\"><div class=\"fusion-column-wrapper fusion-column-has-shadow fusion-flex-justify-content-flex-start fusion-content-layout-column\"><div class=\"fusion-title title fusion-title-2 fusion-sep-none fusion-title-center fusion-title-text fusion-title-size-two\" style=\"--awb-margin-bottom:30px;\"><h2 class=\"fusion-title-heading title-heading-center\" style=\"margin:0;\"><h6>Zero1 ile i\u015fbirli\u011fi yaparak, teknolojik d\u00f6n\u00fc\u015f\u00fcm\u00fcn\u00fcz\u00fc g\u00fcvenle ba\u015flat\u0131n. Biz, gelece\u011fe g\u00fc\u00e7 kat\u0131yoruz!<\/h6><\/h2><\/div><div class=\"fusion-text fusion-text-2 fusion-text-no-margin\" style=\"--awb-content-alignment:center;--awb-margin-bottom:10px;\"><p>Daha fazla bilgi i\u00e7in bizimle ileti\u015fime ge\u00e7in<\/p>\n<\/div><div class=\"fusion-separator fusion-full-width-sep\" style=\"align-self: center;margin-left: auto;margin-right: auto;margin-top:30px;margin-bottom:10px;width:100%;\"><div class=\"fusion-separator-border sep-single sep-solid\" style=\"--awb-height:20px;--awb-amount:20px;border-color:var(--awb-color3);border-top-width:1px;\"><\/div><\/div><\/div><\/div><\/div><\/div>\n","protected":false},"excerpt":{"rendered":"","protected":false},"author":1,"featured_media":2326,"parent":0,"menu_order":0,"comment_status":"closed","ping_status":"closed","template":"100-width.php","meta":{"inline_featured_image":false,"footnotes":""},"class_list":["post-64","page","type-page","status-publish","has-post-thumbnail","hentry"],"yoast_head":"<!-- This site is optimized with the Yoast SEO plugin v26.8 - https:\/\/yoast.com\/product\/yoast-seo-wordpress\/ -->\n<title>Hakk\u0131m\u0131zda - Zero1 Electric &amp; Automation<\/title>\n<meta name=\"robots\" content=\"index, follow, max-snippet:-1, max-image-preview:large, max-video-preview:-1\" \/>\n<link rel=\"canonical\" href=\"https:\/\/zero1ea.com\/?page_id=64\" \/>\n<meta property=\"og:locale\" content=\"tr_TR\" \/>\n<meta property=\"og:type\" content=\"article\" \/>\n<meta property=\"og:title\" content=\"Hakk\u0131m\u0131zda - Zero1 Electric &amp; Automation\" \/>\n<meta property=\"og:url\" content=\"https:\/\/zero1ea.com\/?page_id=64\" \/>\n<meta property=\"og:site_name\" content=\"Zero1 Electric &amp; Automation\" \/>\n<meta property=\"article:modified_time\" content=\"2024-03-01T07:18:46+00:00\" \/>\n<meta property=\"og:image\" content=\"https:\/\/zero1ea.com\/wp-content\/uploads\/2023\/10\/Zero1-Projelerimiz-1.jpg\" \/>\n\t<meta property=\"og:image:width\" content=\"1920\" \/>\n\t<meta property=\"og:image:height\" content=\"1005\" \/>\n\t<meta property=\"og:image:type\" content=\"image\/jpeg\" \/>\n<meta name=\"twitter:card\" content=\"summary_large_image\" \/>\n<meta name=\"twitter:label1\" content=\"Tahmini okuma s\u00fcresi\" \/>\n\t<meta name=\"twitter:data1\" content=\"2 dakika\" \/>\n<script type=\"application\/ld+json\" class=\"yoast-schema-graph\">{\"@context\":\"https:\/\/schema.org\",\"@graph\":[{\"@type\":\"WebPage\",\"@id\":\"https:\/\/zero1ea.com\/?page_id=64\",\"url\":\"https:\/\/zero1ea.com\/?page_id=64\",\"name\":\"Hakk\u0131m\u0131zda - Zero1 Electric &amp; Automation\",\"isPartOf\":{\"@id\":\"https:\/\/zero1ea.com\/#website\"},\"primaryImageOfPage\":{\"@id\":\"https:\/\/zero1ea.com\/?page_id=64#primaryimage\"},\"image\":{\"@id\":\"https:\/\/zero1ea.com\/?page_id=64#primaryimage\"},\"thumbnailUrl\":\"https:\/\/zero1ea.com\/wp-content\/uploads\/2023\/10\/Zero1-Projelerimiz-1.jpg\",\"datePublished\":\"2022-07-27T12:10:43+00:00\",\"dateModified\":\"2024-03-01T07:18:46+00:00\",\"breadcrumb\":{\"@id\":\"https:\/\/zero1ea.com\/?page_id=64#breadcrumb\"},\"inLanguage\":\"tr\",\"potentialAction\":[{\"@type\":\"ReadAction\",\"target\":[\"https:\/\/zero1ea.com\/?page_id=64\"]}]},{\"@type\":\"ImageObject\",\"inLanguage\":\"tr\",\"@id\":\"https:\/\/zero1ea.com\/?page_id=64#primaryimage\",\"url\":\"https:\/\/zero1ea.com\/wp-content\/uploads\/2023\/10\/Zero1-Projelerimiz-1.jpg\",\"contentUrl\":\"https:\/\/zero1ea.com\/wp-content\/uploads\/2023\/10\/Zero1-Projelerimiz-1.jpg\",\"width\":1920,\"height\":1005},{\"@type\":\"BreadcrumbList\",\"@id\":\"https:\/\/zero1ea.com\/?page_id=64#breadcrumb\",\"itemListElement\":[{\"@type\":\"ListItem\",\"position\":1,\"name\":\"Home\",\"item\":\"https:\/\/zero1ea.com\/\"},{\"@type\":\"ListItem\",\"position\":2,\"name\":\"Hakk\u0131m\u0131zda\"}]},{\"@type\":\"WebSite\",\"@id\":\"https:\/\/zero1ea.com\/#website\",\"url\":\"https:\/\/zero1ea.com\/\",\"name\":\"Zero1 Electric &amp; Automation\",\"description\":\"\",\"potentialAction\":[{\"@type\":\"SearchAction\",\"target\":{\"@type\":\"EntryPoint\",\"urlTemplate\":\"https:\/\/zero1ea.com\/?s={search_term_string}\"},\"query-input\":{\"@type\":\"PropertyValueSpecification\",\"valueRequired\":true,\"valueName\":\"search_term_string\"}}],\"inLanguage\":\"tr\"}]}<\/script>\n<!-- \/ Yoast SEO plugin. -->","yoast_head_json":{"title":"Hakk\u0131m\u0131zda - Zero1 Electric &amp; Automation","robots":{"index":"index","follow":"follow","max-snippet":"max-snippet:-1","max-image-preview":"max-image-preview:large","max-video-preview":"max-video-preview:-1"},"canonical":"https:\/\/zero1ea.com\/?page_id=64","og_locale":"tr_TR","og_type":"article","og_title":"Hakk\u0131m\u0131zda - Zero1 Electric &amp; Automation","og_url":"https:\/\/zero1ea.com\/?page_id=64","og_site_name":"Zero1 Electric &amp; Automation","article_modified_time":"2024-03-01T07:18:46+00:00","og_image":[{"width":1920,"height":1005,"url":"https:\/\/zero1ea.com\/wp-content\/uploads\/2023\/10\/Zero1-Projelerimiz-1.jpg","type":"image\/jpeg"}],"twitter_card":"summary_large_image","twitter_misc":{"Tahmini okuma s\u00fcresi":"2 dakika"},"schema":{"@context":"https:\/\/schema.org","@graph":[{"@type":"WebPage","@id":"https:\/\/zero1ea.com\/?page_id=64","url":"https:\/\/zero1ea.com\/?page_id=64","name":"Hakk\u0131m\u0131zda - Zero1 Electric &amp; Automation","isPartOf":{"@id":"https:\/\/zero1ea.com\/#website"},"primaryImageOfPage":{"@id":"https:\/\/zero1ea.com\/?page_id=64#primaryimage"},"image":{"@id":"https:\/\/zero1ea.com\/?page_id=64#primaryimage"},"thumbnailUrl":"https:\/\/zero1ea.com\/wp-content\/uploads\/2023\/10\/Zero1-Projelerimiz-1.jpg","datePublished":"2022-07-27T12:10:43+00:00","dateModified":"2024-03-01T07:18:46+00:00","breadcrumb":{"@id":"https:\/\/zero1ea.com\/?page_id=64#breadcrumb"},"inLanguage":"tr","potentialAction":[{"@type":"ReadAction","target":["https:\/\/zero1ea.com\/?page_id=64"]}]},{"@type":"ImageObject","inLanguage":"tr","@id":"https:\/\/zero1ea.com\/?page_id=64#primaryimage","url":"https:\/\/zero1ea.com\/wp-content\/uploads\/2023\/10\/Zero1-Projelerimiz-1.jpg","contentUrl":"https:\/\/zero1ea.com\/wp-content\/uploads\/2023\/10\/Zero1-Projelerimiz-1.jpg","width":1920,"height":1005},{"@type":"BreadcrumbList","@id":"https:\/\/zero1ea.com\/?page_id=64#breadcrumb","itemListElement":[{"@type":"ListItem","position":1,"name":"Home","item":"https:\/\/zero1ea.com\/"},{"@type":"ListItem","position":2,"name":"Hakk\u0131m\u0131zda"}]},{"@type":"WebSite","@id":"https:\/\/zero1ea.com\/#website","url":"https:\/\/zero1ea.com\/","name":"Zero1 Electric &amp; Automation","description":"","potentialAction":[{"@type":"SearchAction","target":{"@type":"EntryPoint","urlTemplate":"https:\/\/zero1ea.com\/?s={search_term_string}"},"query-input":{"@type":"PropertyValueSpecification","valueRequired":true,"valueName":"search_term_string"}}],"inLanguage":"tr"}]}},"_links":{"self":[{"href":"https:\/\/zero1ea.com\/index.php?rest_route=\/wp\/v2\/pages\/64","targetHints":{"allow":["GET"]}}],"collection":[{"href":"https:\/\/zero1ea.com\/index.php?rest_route=\/wp\/v2\/pages"}],"about":[{"href":"https:\/\/zero1ea.com\/index.php?rest_route=\/wp\/v2\/types\/page"}],"author":[{"embeddable":true,"href":"https:\/\/zero1ea.com\/index.php?rest_route=\/wp\/v2\/users\/1"}],"replies":[{"embeddable":true,"href":"https:\/\/zero1ea.com\/index.php?rest_route=%2Fwp%2Fv2%2Fcomments&post=64"}],"version-history":[{"count":0,"href":"https:\/\/zero1ea.com\/index.php?rest_route=\/wp\/v2\/pages\/64\/revisions"}],"wp:featuredmedia":[{"embeddable":true,"href":"https:\/\/zero1ea.com\/index.php?rest_route=\/wp\/v2\/media\/2326"}],"wp:attachment":[{"href":"https:\/\/zero1ea.com\/index.php?rest_route=%2Fwp%2Fv2%2Fmedia&parent=64"}],"curies":[{"name":"wp","href":"https:\/\/api.w.org\/{rel}","templated":true}]}}